{"id":1857,"date":"2025-06-26T23:52:14","date_gmt":"2025-06-26T20:52:14","guid":{"rendered":"https:\/\/rkeeper.us\/?page_id=1857"},"modified":"2025-07-22T12:08:34","modified_gmt":"2025-07-22T09:08:34","slug":"chioschi-self-service","status":"publish","type":"page","link":"https:\/\/rkeeper.it\/?page_id=1857","title":{"rendered":"Chioschi self-service"},"content":{"rendered":"\t\t<div data-elementor-type=\"wp-page\" data-elementor-id=\"1857\" class=\"elementor elementor-1857 elementor-1787\" data-elementor-post-type=\"page\">\n\t\t\t\t<div class=\"elementor-element elementor-element-45a7e7ff e-flex e-con-boxed e-con e-parent\" data-id=\"45a7e7ff\" data-element_type=\"container\" data-e-type=\"container\">\n\t\t\t\t\t<div class=\"e-con-inner\">\n\t\t\t\t<div class=\"elementor-element elementor-element-7639dded elementor-widget elementor-widget-heading\" data-id=\"7639dded\" data-element_type=\"widget\" data-e-type=\"widget\" data-widget_type=\"heading.default\">\n\t\t\t\t<div class=\"elementor-widget-container\">\n\t\t\t\t\t<h3 class=\"elementor-heading-title elementor-size-default\">Chioschi self-service<\/h3>\t\t\t\t<\/div>\n\t\t\t\t<\/div>\n\t\t\t\t<div class=\"elementor-element elementor-element-60686d3 elementor-widget elementor-widget-text-editor\" data-id=\"60686d3\" data-element_type=\"widget\" data-e-type=\"widget\" data-widget_type=\"text-editor.default\">\n\t\t\t\t<div class=\"elementor-widget-container\">\n\t\t\t\t\t\t\t\t\t<h2 id=\"Empower-your-fast-food-experience-with-r_keeper-kiosks-1\"><strong>Potenzia la tua esperienza di fast-food con i chioschi r_keeper<\/strong><\/h2><figure class=\"image image-style-align-left image_resized\"><img fetchpriority=\"high\" decoding=\"async\" class=\"alignright\" src=\"https:\/\/img.perfectwiki.xyz\/insecure\/resize:fit:400\/aHR0cHM6Ly9zdG9yYWdlLmdvb2dsZWFwaXMuY29tL3BlcmZlY3Rfd2lraS9jMThmZTZmNy03MTRiLTQxMzItYmI1NC0zNTY0ODc3NWVkMGMvY1NJdzZ0a3l0OFU2UTIxZUlGQk4vJUQwJUI4JUQwJUI3JUQwJUJFJUQwJUIxJUQxJTgwJUQwJUIwJUQwJUI2JUQwJUI1JUQwJUJEJUQwJUI4JUQwJUI1X2Q2NTk2NWQzLTFkNDUtNDYyOC05ZTkxLWJlOGUxYzc1ODBhMy5wbmc.webp\" sizes=\"100vw\" srcset=\"https:\/\/img.perfectwiki.xyz\/insecure\/resize:fit:400\/aHR0cHM6Ly9zdG9yYWdlLmdvb2dsZWFwaXMuY29tL3BlcmZlY3Rfd2lraS9jMThmZTZmNy03MTRiLTQxMzItYmI1NC0zNTY0ODc3NWVkMGMvY1NJdzZ0a3l0OFU2UTIxZUlGQk4vJUQwJUI4JUQwJUI3JUQwJUJFJUQwJUIxJUQxJTgwJUQwJUIwJUQwJUI2JUQwJUI1JUQwJUJEJUQwJUI4JUQwJUI1X2Q2NTk2NWQzLTFkNDUtNDYyOC05ZTkxLWJlOGUxYzc1ODBhMy5wbmc.webp 400w, https:\/\/img.perfectwiki.xyz\/insecure\/resize:fit:800\/aHR0cHM6Ly9zdG9yYWdlLmdvb2dsZWFwaXMuY29tL3BlcmZlY3Rfd2lraS9jMThmZTZmNy03MTRiLTQxMzItYmI1NC0zNTY0ODc3NWVkMGMvY1NJdzZ0a3l0OFU2UTIxZUlGQk4vJUQwJUI4JUQwJUI3JUQwJUJFJUQwJUIxJUQxJTgwJUQwJUIwJUQwJUI2JUQwJUI1JUQwJUJEJUQwJUI4JUQwJUI1X2Q2NTk2NWQzLTFkNDUtNDYyOC05ZTkxLWJlOGUxYzc1ODBhMy5wbmc.webp 800w, https:\/\/img.perfectwiki.xyz\/insecure\/resize:fit:1200\/aHR0cHM6Ly9zdG9yYWdlLmdvb2dsZWFwaXMuY29tL3BlcmZlY3Rfd2lraS9jMThmZTZmNy03MTRiLTQxMzItYmI1NC0zNTY0ODc3NWVkMGMvY1NJdzZ0a3l0OFU2UTIxZUlGQk4vJUQwJUI4JUQwJUI3JUQwJUJFJUQwJUIxJUQxJTgwJUQwJUIwJUQwJUI2JUQwJUI1JUQwJUJEJUQwJUI4JUQwJUI1X2Q2NTk2NWQzLTFkNDUtNDYyOC05ZTkxLWJlOGUxYzc1ODBhMy5wbmc.webp 1200w, https:\/\/img.perfectwiki.xyz\/insecure\/aHR0cHM6Ly9zdG9yYWdlLmdvb2dsZWFwaXMuY29tL3BlcmZlY3Rfd2lraS9jMThmZTZmNy03MTRiLTQxMzItYmI1NC0zNTY0ODc3NWVkMGMvY1NJdzZ0a3l0OFU2UTIxZUlGQk4vJUQwJUI4JUQwJUI3JUQwJUJFJUQwJUIxJUQxJTgwJUQwJUIwJUQwJUI2JUQwJUI1JUQwJUJEJUQwJUI4JUQwJUI1X2Q2NTk2NWQzLTFkNDUtNDYyOC05ZTkxLWJlOGUxYzc1ODBhMy5wbmc.webp 1400w\" alt=\"prodotti \/ 1 Chioschi self-service \u2705  \" width=\"428\" height=\"426\"><\/figure><h3 id=\"Quick.-Efficient.-User-Friendly.-2\"><strong>Veloce. Efficiente. Facile da usare.  <\/strong><\/h3><p>Veloci, efficienti e incredibilmente facili da usare, i nostri chioschi consentono ai vostri clienti di effettuare ordini a loro piacimento, riducendo i tempi di attesa e migliorando la soddisfazione. Tuffatevi nel futuro della ristorazione, dove la tecnologia incontra il gusto. Migliorate l&#8217;efficienza del vostro ristorante e vedete crescere la vostra attivit\u00e0 con <strong>r_keeper<\/strong>. Contattate oggi stesso per trasformare il vostro servizio!   <\/p><ul><li>\u201cRiduci i tempi di attesa\u201d<\/li><li>\u201cAumenta la soddisfazione del cliente\u201d<\/li><li>\u201cAumenta la precisione degli ordini\u201d<\/li><li>\u201cIncrementa le vendite con up-selling e cross-selling\u201d<\/li><\/ul><h2 id=\"How-R-Keeper-Kiosks-Work-1\"><strong>Come funzionano i chioschi r-keeper<\/strong><\/h2><ul><li>\u201cConfigurazione facile\u201d<\/li><li>\u201cOrdinazione senza intoppi\u201d<\/li><li>\u201cElaborazione istantanea dei pagamenti\u201d<\/li><li>\u201cRapida evasione degli ordini\u201d<\/li><\/ul><h2><strong>Vantaggi dei chioschi R-keeper<\/strong><\/h2><p><strong style=\"letter-spacing: 0px; word-spacing: 0em; background-color: transparent;\">&#8220;Semplificare le operazioni&#8221; <\/strong><span style=\"letter-spacing: 0px; word-spacing: 0em; background-color: transparent;\">si propone di rivoluzionare il modo in cui i ristoranti fast-food gestiscono i flussi di lavoro quotidiani e le interazioni con i clienti. <\/span><span style=\"letter-spacing: 0px; word-spacing: 0em; background-color: transparent;\">Questo approccio sfrutta la tecnologia avanzata per rendere il vostro ristorante pi\u00f9 efficiente, riducendo il tempo e lo sforzo spesi per le attivit\u00e0 di routine.<\/span><\/p><p><strong style=\"background-color: transparent; letter-spacing: 0px; word-spacing: 0em;\">Processo di ordinazione pi\u00f9 rapido:<\/strong><span style=\"background-color: transparent; letter-spacing: 0px; word-spacing: 0em;\"> I clienti possono effettuare rapidamente i loro ordini attraverso interfacce touchscreen intuitive, riducendo i tempi di coda e minimizzando la pressione sul vostro personale durante le ore di punta.<\/span><\/p><p><strong style=\"background-color: transparent; letter-spacing: 0px; word-spacing: 0em;\">Miglioramento della precisione degli ordini:<\/strong><span style=\"background-color: transparent; letter-spacing: 0px; word-spacing: 0em;\">  Con i chioschi self-service, i clienti hanno la possibilit\u00e0 di personalizzare gli ordini esattamente come desiderano, riducendo in modo significativo le possibilit\u00e0 di errore che possono verificarsi con i metodi di ordinazione tradizionali. Questa precisione garantisce che i clienti ricevano esattamente ci\u00f2 che hanno ordinato, aumentando la soddisfazione e riducendo gli sprechi. <\/span><\/p><p><strong style=\"background-color: transparent; letter-spacing: 0px; word-spacing: 0em;\">Assegnazione efficiente del personale:<\/strong><span style=\"background-color: transparent; letter-spacing: 0px; word-spacing: 0em;\">  Automatizzando il processo di ordinazione, il personale pu\u00f2 essere riassegnato per concentrarsi su altre aree critiche, come la preparazione dei cibi e il servizio clienti. L&#8217;allocazione ottimizzata delle risorse umane garantisce il regolare svolgimento delle operazioni, migliorando l&#8217;efficienza complessiva del ristorante. <\/span><\/p><p><img decoding=\"async\" class=\"alignleft\" style=\"margin: 8px 8px 0px;\" src=\"https:\/\/img.perfectwiki.xyz\/insecure\/resize:fit:400\/aHR0cHM6Ly9zdG9yYWdlLmdvb2dsZWFwaXMuY29tL3BlcmZlY3Rfd2lraS9jMThmZTZmNy03MTRiLTQxMzItYmI1NC0zNTY0ODc3NWVkMGMvY1NJdzZ0a3l0OFU2UTIxZUlGQk4vJUQwJUI4JUQwJUI3JUQwJUJFJUQwJUIxJUQxJTgwJUQwJUIwJUQwJUI2JUQwJUI1JUQwJUJEJUQwJUI4JUQwJUI1XzI4MzhjZjMwLTdiYTAtNDI4OC04NWE5LWUyYTNjZjM0M2EzMi5wbmc.webp\" sizes=\"100vw\" srcset=\"https:\/\/img.perfectwiki.xyz\/insecure\/resize:fit:400\/aHR0cHM6Ly9zdG9yYWdlLmdvb2dsZWFwaXMuY29tL3BlcmZlY3Rfd2lraS9jMThmZTZmNy03MTRiLTQxMzItYmI1NC0zNTY0ODc3NWVkMGMvY1NJdzZ0a3l0OFU2UTIxZUlGQk4vJUQwJUI4JUQwJUI3JUQwJUJFJUQwJUIxJUQxJTgwJUQwJUIwJUQwJUI2JUQwJUI1JUQwJUJEJUQwJUI4JUQwJUI1XzI4MzhjZjMwLTdiYTAtNDI4OC04NWE5LWUyYTNjZjM0M2EzMi5wbmc.webp 400w, https:\/\/img.perfectwiki.xyz\/insecure\/resize:fit:800\/aHR0cHM6Ly9zdG9yYWdlLmdvb2dsZWFwaXMuY29tL3BlcmZlY3Rfd2lraS9jMThmZTZmNy03MTRiLTQxMzItYmI1NC0zNTY0ODc3NWVkMGMvY1NJdzZ0a3l0OFU2UTIxZUlGQk4vJUQwJUI4JUQwJUI3JUQwJUJFJUQwJUIxJUQxJTgwJUQwJUIwJUQwJUI2JUQwJUI1JUQwJUJEJUQwJUI4JUQwJUI1XzI4MzhjZjMwLTdiYTAtNDI4OC04NWE5LWUyYTNjZjM0M2EzMi5wbmc.webp 800w, https:\/\/img.perfectwiki.xyz\/insecure\/resize:fit:1200\/aHR0cHM6Ly9zdG9yYWdlLmdvb2dsZWFwaXMuY29tL3BlcmZlY3Rfd2lraS9jMThmZTZmNy03MTRiLTQxMzItYmI1NC0zNTY0ODc3NWVkMGMvY1NJdzZ0a3l0OFU2UTIxZUlGQk4vJUQwJUI4JUQwJUI3JUQwJUJFJUQwJUIxJUQxJTgwJUQwJUIwJUQwJUI2JUQwJUI1JUQwJUJEJUQwJUI4JUQwJUI1XzI4MzhjZjMwLTdiYTAtNDI4OC04NWE5LWUyYTNjZjM0M2EzMi5wbmc.webp 1200w, https:\/\/img.perfectwiki.xyz\/insecure\/aHR0cHM6Ly9zdG9yYWdlLmdvb2dsZWFwaXMuY29tL3BlcmZlY3Rfd2lraS9jMThmZTZmNy03MTRiLTQxMzItYmI1NC0zNTY0ODc3NWVkMGMvY1NJdzZ0a3l0OFU2UTIxZUlGQk4vJUQwJUI4JUQwJUI3JUQwJUJFJUQwJUIxJUQxJTgwJUQwJUIwJUQwJUI2JUQwJUI1JUQwJUJEJUQwJUI4JUQwJUI1XzI4MzhjZjMwLTdiYTAtNDI4OC04NWE5LWUyYTNjZjM0M2EzMi5wbmc.webp 1400w\" alt=\"prodotti \/ 1 Chioschi self-service \u2705  \" width=\"485\" height=\"324\"><\/p><p><strong style=\"background-color: transparent; letter-spacing: 0px; word-spacing: 0em;\">Approfondimenti basati sui dati:<\/strong><span style=\"background-color: transparent; letter-spacing: 0px; word-spacing: 0em;\">  I chioschi R-Keeper raccolgono dati preziosi sulle preferenze dei clienti e sulle modalit\u00e0 di ordinazione. Queste informazioni possono essere analizzate per prendere decisioni informate sugli aggiustamenti del menu, sulle strategie promozionali e sul personale nelle ore di punta, semplificando ulteriormente le operazioni e adattando l&#8217;esperienza culinaria ai gusti dei clienti. <\/span><\/p><p><strong style=\"background-color: transparent; letter-spacing: 0px; word-spacing: 0em;\">&#8220;Dare potere ai vostri clienti&#8221;  <\/strong><span style=\"background-color: transparent; letter-spacing: 0px; word-spacing: 0em;\">consente agli avventori di controllare la loro esperienza culinaria nel vostro fast-food. Questi chioschi offrono un processo di ordinazione intuitivo e interattivo, consentendo ai clienti di sfogliare il menu al proprio ritmo, di personalizzare le ordinazioni in base alle proprie preferenze e persino di esplorare nuovi articoli o promozioni. Questo approccio auto-diretto non solo aumenta la soddisfazione dei clienti offrendo loro scelte e flessibilit\u00e0, ma li coinvolge anche in un&#8217;esperienza culinaria moderna e tecnologica. Dare ai clienti questa possibilit\u00e0 pu\u00f2 portare a un aumento del valore dell&#8217;ordine grazie alle opportunit\u00e0 di upselling e a un servizio pi\u00f9 personalizzato, contribuendo alla fidelizzazione e alla ripetizione dell&#8217;attivit\u00e0.   <\/span><\/p><p><strong style=\"background-color: transparent; letter-spacing: 0px; word-spacing: 0em;\">&#8220;Migliorare i vostri profitti&#8221;  <\/strong><span style=\"background-color: transparent; letter-spacing: 0px; word-spacing: 0em;\">sfruttando la tecnologia per incidere direttamente sulla redditivit\u00e0 del vostro ristorante fast-food. Ecco come l&#8217;integrazione di questi chioschi pu\u00f2 favorire la crescita dei ricavi: <\/span><\/p><p><strong style=\"background-color: transparent; letter-spacing: 0px; word-spacing: 0em;\">Upselling e Cross-Selling:<\/strong><span style=\"background-color: transparent; letter-spacing: 0px; word-spacing: 0em;\">  I chioschi possono suggerire automaticamente componenti aggiuntivi o upgrade al momento dell&#8217;ordine, incoraggiando i clienti a fare acquisti supplementari. Ad esempio, suggerendo una bevanda con un hamburger o offrendo un contorno a prezzo scontato se acquistato con un pasto principale. In questo modo non solo si aumenta il valore medio dell&#8217;ordine, ma lo si fa senza la percezione di pressappochismo di un upsell umano.  <\/span><\/p><p><strong style=\"background-color: transparent; letter-spacing: 0px; word-spacing: 0em;\">Riduzione dei costi di manodopera:<\/strong><span style=\"background-color: transparent; letter-spacing: 0px; word-spacing: 0em;\">  Automatizzando il processo di ordinazione, \u00e8 possibile riallocare il personale in aree operative pi\u00f9 critiche o ridurre il numero di personale necessario nei periodi di minore affluenza. Questa ottimizzazione pu\u00f2 portare a risparmi significativi sul costo del lavoro, una delle spese pi\u00f9 consistenti nel settore della ristorazione. <\/span><\/p><p><strong>Aumento della produttivit\u00e0:<\/strong> I chioschi self-service sono in grado di gestire pi\u00f9 ordini simultaneamente e di operare in modo continuo, con un conseguente aumento del flusso di clienti, soprattutto nelle ore di punta. Questa efficienza consente di elaborare un maggior numero di vendite in un periodo pi\u00f9 breve, aumentando direttamente il potenziale di guadagno. <\/p>\t\t\t\t\t\t\t\t<\/div>\n\t\t\t\t<\/div>\n\t\t\t\t<div class=\"elementor-element elementor-element-4800aad5 elementor-align-center elementor-mobile-align-center elementor-widget elementor-widget-button\" data-id=\"4800aad5\" data-element_type=\"widget\" data-e-type=\"widget\" data-widget_type=\"button.default\">\n\t\t\t\t<div class=\"elementor-widget-container\">\n\t\t\t\t\t\t\t\t\t<div class=\"elementor-button-wrapper\">\n\t\t\t\t\t<a class=\"elementor-button elementor-button-link elementor-size-sm\" href=\"http:\/\/rkeeper.it\/?page_id=256\">\n\t\t\t\t\t\t<span class=\"elementor-button-content-wrapper\">\n\t\t\t\t\t\t\t\t\t<span class=\"elementor-button-text\">Contatto<\/span>\n\t\t\t\t\t<\/span>\n\t\t\t\t\t<\/a>\n\t\t\t\t<\/div>\n\t\t\t\t\t\t\t\t<\/div>\n\t\t\t\t<\/div>\n\t\t\t\t\t<\/div>\n\t\t\t\t<\/div>\n\t\t\t\t<\/div>\n\t\t","protected":false},"excerpt":{"rendered":"<p>Chioschi self-service Potenzia la tua esperienza di fast-food con i chioschi r_keeper Veloce. Efficiente. Facile da usare. Veloci, efficienti e incredibilmente facili da usare, i nostri chioschi consentono ai vostri clienti di effettuare ordini a loro piacimento, riducendo i tempi di attesa e migliorando la soddisfazione. Tuffatevi nel futuro della ristorazione, dove la tecnologia incontra [&hellip;]<\/p>\n","protected":false},"author":1,"featured_media":0,"parent":0,"menu_order":0,"comment_status":"closed","ping_status":"closed","template":"elementor_header_footer","meta":{"footnotes":""},"class_list":["post-1857","page","type-page","status-publish","hentry"],"_links":{"self":[{"href":"https:\/\/rkeeper.it\/index.php?rest_route=\/wp\/v2\/pages\/1857","targetHints":{"allow":["GET"]}}],"collection":[{"href":"https:\/\/rkeeper.it\/index.php?rest_route=\/wp\/v2\/pages"}],"about":[{"href":"https:\/\/rkeeper.it\/index.php?rest_route=\/wp\/v2\/types\/page"}],"author":[{"embeddable":true,"href":"https:\/\/rkeeper.it\/index.php?rest_route=\/wp\/v2\/users\/1"}],"replies":[{"embeddable":true,"href":"https:\/\/rkeeper.it\/index.php?rest_route=%2Fwp%2Fv2%2Fcomments&post=1857"}],"version-history":[{"count":6,"href":"https:\/\/rkeeper.it\/index.php?rest_route=\/wp\/v2\/pages\/1857\/revisions"}],"predecessor-version":[{"id":3695,"href":"https:\/\/rkeeper.it\/index.php?rest_route=\/wp\/v2\/pages\/1857\/revisions\/3695"}],"wp:attachment":[{"href":"https:\/\/rkeeper.it\/index.php?rest_route=%2Fwp%2Fv2%2Fmedia&parent=1857"}],"curies":[{"name":"wp","href":"https:\/\/api.w.org\/{rel}","templated":true}]}}