{"id":2486,"date":"2025-07-14T16:04:46","date_gmt":"2025-07-14T13:04:46","guid":{"rendered":"https:\/\/rkeeper.us\/?page_id=2486"},"modified":"2025-07-22T11:58:03","modified_gmt":"2025-07-22T08:58:03","slug":"accesso-con-auto","status":"publish","type":"page","link":"https:\/\/rkeeper.it\/?page_id=2486","title":{"rendered":"Accesso con auto"},"content":{"rendered":"<h3>Accesso con auto<\/h3>\n<h2 id=\"Drive-Through:-Speed-Up-Serve-More-Smile-Often-1\"><strong>Drive-Through: Accelerare, servire di pi\u00f9, sorridere spesso<\/strong><\/h2>\n<h3 id=\"Fast.-Frictionless.-Fully-Integrated.-2\">Veloce. Senza attrito. Completamente integrato.  <\/h3>\n<p>Il moderno drive-through non \u00e8 solo una finestra e un altoparlante.<br \/>\u00c8 un sistema ben oliato che collega il menu, la cucina, il pagamento e il cliente, in pochi secondi.<br \/>La nostra <strong>soluzione drive-through<\/strong> vi offre tutto ci\u00f2 che vi serve per servire pi\u00f9 auto, pi\u00f9 velocemente e con meno errori.<\/p>\n<p>Dallo schermo al panino: ottimizzate l&#8217;intera corsia.<\/p>\n<h3 id=\"Built-for-Speed-and-Accuracy-2\"><strong>Costruito per la velocit\u00e0 e la precisione<\/strong><\/h3>\n<p><img fetchpriority=\"high\" decoding=\"async\" style=\"margin: 8px 8px 0px;\" src=\"https:\/\/img.perfectwiki.xyz\/insecure\/resize:fit:400\/aHR0cHM6Ly9zdG9yYWdlLmdvb2dsZWFwaXMuY29tL3BlcmZlY3Rfd2lraS9jMThmZTZmNy03MTRiLTQxMzItYmI1NC0zNTY0ODc3NWVkMGMvNWhqMGlFVlkzaUtwbDRKQ1RhTGsvJUQwJUI4JUQwJUI3JUQwJUJFJUQwJUIxJUQxJTgwJUQwJUIwJUQwJUI2JUQwJUI1JUQwJUJEJUQwJUI4JUQwJUI1XzZmZWI4ZTcwLTdkYWMtNGUyMC1iMTBkLWFiYTdmOTllODczNS5wbmc.webp\" sizes=\"100vw\" srcset=\"https:\/\/img.perfectwiki.xyz\/insecure\/resize:fit:400\/aHR0cHM6Ly9zdG9yYWdlLmdvb2dsZWFwaXMuY29tL3BlcmZlY3Rfd2lraS9jMThmZTZmNy03MTRiLTQxMzItYmI1NC0zNTY0ODc3NWVkMGMvNWhqMGlFVlkzaUtwbDRKQ1RhTGsvJUQwJUI4JUQwJUI3JUQwJUJFJUQwJUIxJUQxJTgwJUQwJUIwJUQwJUI2JUQwJUI1JUQwJUJEJUQwJUI4JUQwJUI1XzZmZWI4ZTcwLTdkYWMtNGUyMC1iMTBkLWFiYTdmOTllODczNS5wbmc.webp 400w, https:\/\/img.perfectwiki.xyz\/insecure\/resize:fit:800\/aHR0cHM6Ly9zdG9yYWdlLmdvb2dsZWFwaXMuY29tL3BlcmZlY3Rfd2lraS9jMThmZTZmNy03MTRiLTQxMzItYmI1NC0zNTY0ODc3NWVkMGMvNWhqMGlFVlkzaUtwbDRKQ1RhTGsvJUQwJUI4JUQwJUI3JUQwJUJFJUQwJUIxJUQxJTgwJUQwJUIwJUQwJUI2JUQwJUI1JUQwJUJEJUQwJUI4JUQwJUI1XzZmZWI4ZTcwLTdkYWMtNGUyMC1iMTBkLWFiYTdmOTllODczNS5wbmc.webp 800w, https:\/\/img.perfectwiki.xyz\/insecure\/resize:fit:1200\/aHR0cHM6Ly9zdG9yYWdlLmdvb2dsZWFwaXMuY29tL3BlcmZlY3Rfd2lraS9jMThmZTZmNy03MTRiLTQxMzItYmI1NC0zNTY0ODc3NWVkMGMvNWhqMGlFVlkzaUtwbDRKQ1RhTGsvJUQwJUI4JUQwJUI3JUQwJUJFJUQwJUIxJUQxJTgwJUQwJUIwJUQwJUI2JUQwJUI1JUQwJUJEJUQwJUI4JUQwJUI1XzZmZWI4ZTcwLTdkYWMtNGUyMC1iMTBkLWFiYTdmOTllODczNS5wbmc.webp 1200w, https:\/\/img.perfectwiki.xyz\/insecure\/aHR0cHM6Ly9zdG9yYWdlLmdvb2dsZWFwaXMuY29tL3BlcmZlY3Rfd2lraS9jMThmZTZmNy03MTRiLTQxMzItYmI1NC0zNTY0ODc3NWVkMGMvNWhqMGlFVlkzaUtwbDRKQ1RhTGsvJUQwJUI4JUQwJUI3JUQwJUJFJUQwJUIxJUQxJTgwJUQwJUIwJUQwJUI2JUQwJUI1JUQwJUJEJUQwJUI4JUQwJUI1XzZmZWI4ZTcwLTdkYWMtNGUyMC1iMTBkLWFiYTdmOTllODczNS5wbmc.webp 1400w\" alt=\"soluzioni \/ 8 Accesso con auto  \" width=\"325\" height=\"217\"><\/p>\n<p><strong>Pannelli d&#8217;ordine touchless<\/strong><br \/>Consentono ai clienti di effettuare ordini tramite touchscreen o voce, con un&#8217;interfaccia utente intuitiva, anche dalla propria auto.<\/p>\n<p><strong>Flusso di lavoro integrato POS e cucina<\/strong><br \/>Gli ordini appaiono immediatamente nella coda della cucina. Nessuna digitazione. Nessun ritardo.  <\/p>\n<p><strong>Pagamenti rapidi e flessibili<\/strong><br \/>Accettate carte, tap, QR o portafogli mobili, direttamente dalla finestra.<\/p>\n<p><strong>Ricevute istantanee e richiamo degli ordini<\/strong><br \/>Stampa rapida, richiamo automatico degli ordini precedenti e visibilit\u00e0 completa dei clienti.<\/p>\n<p><strong>Strumenti di gestione delle code<\/strong><br \/>Tracciate il numero di auto, i tempi di attesa e ottimizzate il flusso con dati in tempo reale.<\/p>\n<h3 id=\"Why-It-Works-2\"><strong>Perch\u00e9 funziona<\/strong><\/h3>\n<p><img decoding=\"async\" style=\"margin: 8px 8px 0px;\" src=\"https:\/\/img.perfectwiki.xyz\/insecure\/resize:fit:400\/aHR0cHM6Ly9zdG9yYWdlLmdvb2dsZWFwaXMuY29tL3BlcmZlY3Rfd2lraS9jMThmZTZmNy03MTRiLTQxMzItYmI1NC0zNTY0ODc3NWVkMGMvNWhqMGlFVlkzaUtwbDRKQ1RhTGsvJUQwJUI4JUQwJUI3JUQwJUJFJUQwJUIxJUQxJTgwJUQwJUIwJUQwJUI2JUQwJUI1JUQwJUJEJUQwJUI4JUQwJUI1XzkwMjgyODY5LTAwNWUtNDY4OC04MmU3LWIwM2ZkMGRmYjA4ZC5wbmc.webp\" sizes=\"100vw\" srcset=\"https:\/\/img.perfectwiki.xyz\/insecure\/resize:fit:400\/aHR0cHM6Ly9zdG9yYWdlLmdvb2dsZWFwaXMuY29tL3BlcmZlY3Rfd2lraS9jMThmZTZmNy03MTRiLTQxMzItYmI1NC0zNTY0ODc3NWVkMGMvNWhqMGlFVlkzaUtwbDRKQ1RhTGsvJUQwJUI4JUQwJUI3JUQwJUJFJUQwJUIxJUQxJTgwJUQwJUIwJUQwJUI2JUQwJUI1JUQwJUJEJUQwJUI4JUQwJUI1XzkwMjgyODY5LTAwNWUtNDY4OC04MmU3LWIwM2ZkMGRmYjA4ZC5wbmc.webp 400w, https:\/\/img.perfectwiki.xyz\/insecure\/resize:fit:800\/aHR0cHM6Ly9zdG9yYWdlLmdvb2dsZWFwaXMuY29tL3BlcmZlY3Rfd2lraS9jMThmZTZmNy03MTRiLTQxMzItYmI1NC0zNTY0ODc3NWVkMGMvNWhqMGlFVlkzaUtwbDRKQ1RhTGsvJUQwJUI4JUQwJUI3JUQwJUJFJUQwJUIxJUQxJTgwJUQwJUIwJUQwJUI2JUQwJUI1JUQwJUJEJUQwJUI4JUQwJUI1XzkwMjgyODY5LTAwNWUtNDY4OC04MmU3LWIwM2ZkMGRmYjA4ZC5wbmc.webp 800w, https:\/\/img.perfectwiki.xyz\/insecure\/resize:fit:1200\/aHR0cHM6Ly9zdG9yYWdlLmdvb2dsZWFwaXMuY29tL3BlcmZlY3Rfd2lraS9jMThmZTZmNy03MTRiLTQxMzItYmI1NC0zNTY0ODc3NWVkMGMvNWhqMGlFVlkzaUtwbDRKQ1RhTGsvJUQwJUI4JUQwJUI3JUQwJUJFJUQwJUIxJUQxJTgwJUQwJUIwJUQwJUI2JUQwJUI1JUQwJUJEJUQwJUI4JUQwJUI1XzkwMjgyODY5LTAwNWUtNDY4OC04MmU3LWIwM2ZkMGRmYjA4ZC5wbmc.webp 1200w, https:\/\/img.perfectwiki.xyz\/insecure\/aHR0cHM6Ly9zdG9yYWdlLmdvb2dsZWFwaXMuY29tL3BlcmZlY3Rfd2lraS9jMThmZTZmNy03MTRiLTQxMzItYmI1NC0zNTY0ODc3NWVkMGMvNWhqMGlFVlkzaUtwbDRKQ1RhTGsvJUQwJUI4JUQwJUI3JUQwJUJFJUQwJUIxJUQxJTgwJUQwJUIwJUQwJUI2JUQwJUI1JUQwJUJEJUQwJUI4JUQwJUI1XzkwMjgyODY5LTAwNWUtNDY4OC04MmU3LWIwM2ZkMGRmYjA4ZC5wbmc.webp 1400w\" alt=\"soluzioni \/ 8 Accesso con auto  \" width=\"417\" height=\"278\"><\/p>\n<p><strong>Servite pi\u00f9 clienti in meno tempo<\/strong><br \/>L&#8217;inserimento pi\u00f9 rapido degli ordini e l&#8217;elaborazione della cucina significano file pi\u00f9 brevi e maggiore produttivit\u00e0.<\/p>\n<p><strong>Meno errori = ospiti pi\u00f9 felici<\/strong><br \/>L&#8217;ordinazione integrata riduce al minimo gli errori di comunicazione: gli ordini sono sempre accurati.<\/p>\n<p><strong>Monitoraggio in tempo reale<\/strong><br \/>Ottenete dati in tempo reale sui tempi medi di attesa, sugli abbandoni e sulle ore di punta delle prestazioni.<\/p>\n<p><strong>Esperienza professionale<\/strong><br \/>Offrite agli ospiti l&#8217;esperienza che si aspettano dai moderni marchi QSR: veloce, fluida, all&#8217;avanguardia.<\/p>\n<p><img decoding=\"async\" src=\"https:\/\/img.perfectwiki.xyz\/insecure\/resize:fit:400\/aHR0cHM6Ly9zdG9yYWdlLmdvb2dsZWFwaXMuY29tL3BlcmZlY3Rfd2lraS9jMThmZTZmNy03MTRiLTQxMzItYmI1NC0zNTY0ODc3NWVkMGMvNWhqMGlFVlkzaUtwbDRKQ1RhTGsvJUQwJUI4JUQwJUI3JUQwJUJFJUQwJUIxJUQxJTgwJUQwJUIwJUQwJUI2JUQwJUI1JUQwJUJEJUQwJUI4JUQwJUI1Xzc0ZjZlZDk0LTIwZjUtNGYwNS1iOTI5LWEzZGM3ZDExYWRhMC5wbmc.webp\" sizes=\"100vw\" srcset=\"https:\/\/img.perfectwiki.xyz\/insecure\/resize:fit:400\/aHR0cHM6Ly9zdG9yYWdlLmdvb2dsZWFwaXMuY29tL3BlcmZlY3Rfd2lraS9jMThmZTZmNy03MTRiLTQxMzItYmI1NC0zNTY0ODc3NWVkMGMvNWhqMGlFVlkzaUtwbDRKQ1RhTGsvJUQwJUI4JUQwJUI3JUQwJUJFJUQwJUIxJUQxJTgwJUQwJUIwJUQwJUI2JUQwJUI1JUQwJUJEJUQwJUI4JUQwJUI1Xzc0ZjZlZDk0LTIwZjUtNGYwNS1iOTI5LWEzZGM3ZDExYWRhMC5wbmc.webp 400w, https:\/\/img.perfectwiki.xyz\/insecure\/resize:fit:800\/aHR0cHM6Ly9zdG9yYWdlLmdvb2dsZWFwaXMuY29tL3BlcmZlY3Rfd2lraS9jMThmZTZmNy03MTRiLTQxMzItYmI1NC0zNTY0ODc3NWVkMGMvNWhqMGlFVlkzaUtwbDRKQ1RhTGsvJUQwJUI4JUQwJUI3JUQwJUJFJUQwJUIxJUQxJTgwJUQwJUIwJUQwJUI2JUQwJUI1JUQwJUJEJUQwJUI4JUQwJUI1Xzc0ZjZlZDk0LTIwZjUtNGYwNS1iOTI5LWEzZGM3ZDExYWRhMC5wbmc.webp 800w, https:\/\/img.perfectwiki.xyz\/insecure\/resize:fit:1200\/aHR0cHM6Ly9zdG9yYWdlLmdvb2dsZWFwaXMuY29tL3BlcmZlY3Rfd2lraS9jMThmZTZmNy03MTRiLTQxMzItYmI1NC0zNTY0ODc3NWVkMGMvNWhqMGlFVlkzaUtwbDRKQ1RhTGsvJUQwJUI4JUQwJUI3JUQwJUJFJUQwJUIxJUQxJTgwJUQwJUIwJUQwJUI2JUQwJUI1JUQwJUJEJUQwJUI4JUQwJUI1Xzc0ZjZlZDk0LTIwZjUtNGYwNS1iOTI5LWEzZGM3ZDExYWRhMC5wbmc.webp 1200w, https:\/\/img.perfectwiki.xyz\/insecure\/aHR0cHM6Ly9zdG9yYWdlLmdvb2dsZWFwaXMuY29tL3BlcmZlY3Rfd2lraS9jMThmZTZmNy03MTRiLTQxMzItYmI1NC0zNTY0ODc3NWVkMGMvNWhqMGlFVlkzaUtwbDRKQ1RhTGsvJUQwJUI4JUQwJUI3JUQwJUJFJUQwJUIxJUQxJTgwJUQwJUIwJUQwJUI2JUQwJUI1JUQwJUJEJUQwJUI4JUQwJUI1Xzc0ZjZlZDk0LTIwZjUtNGYwNS1iOTI5LWEzZGM3ZDExYWRhMC5wbmc.webp 1400w\" alt=\"soluzioni \/ 8 Accesso con auto  \" width=\"232\" height=\"349\"><\/p>\n<h3 id=\"Drive-Through-for-Every-Scale-2\"><strong>Un drive-through per ogni scala<\/strong><\/h3>\n<ul>\n<li><strong>Fast Food e QSR<\/strong>: affrontare la pausa pranzo da professionisti<\/li>\n<li><strong>Catene di caff\u00e8<\/strong>: Mantenere la linea del mattino presto<\/li>\n<li><strong>Ristoranti da asporto<\/strong>: Gestire pi\u00f9 ritiri senza caos<\/li>\n<li><strong>Posizioni in autostrada<\/strong>: Servire i viaggiatori in movimento, senza rallentamenti<\/li>\n<\/ul>\n<h2 id=\"Turn-Your-Parking-Lot-Into-a-Profit-Machine-1\"><strong>Trasformate il vostro parcheggio in una macchina da profitto<\/strong><\/h2>\n<p>Con gli strumenti giusti, il drive-through diventa pi\u00f9 che una comodit\u00e0: diventa il vostro pi\u00f9 grande canale di vendita.<\/p>\n<p>\t\t\t\t\t<a href=\"https:\/\/rkeeper.us\/?page_id=256\"><br \/>\n\t\t\t\t\t\t\t\t\tContatto<br \/>\n\t\t\t\t\t<\/a><\/p>\n","protected":false},"excerpt":{"rendered":"<p>Accesso con auto Drive-Through: Accelerare, servire di pi\u00f9, sorridere spesso Veloce. Senza attrito. Completamente integrato. Il moderno drive-through non \u00e8 solo una finestra e un altoparlante.\u00c8 un sistema ben oliato che collega il menu, la cucina, il pagamento e il cliente, in pochi secondi.La nostra soluzione drive-through vi offre tutto ci\u00f2 che vi serve per [&hellip;]<\/p>\n","protected":false},"author":1,"featured_media":0,"parent":0,"menu_order":0,"comment_status":"closed","ping_status":"closed","template":"","meta":{"footnotes":""},"class_list":["post-2486","page","type-page","status-publish","hentry"],"_links":{"self":[{"href":"https:\/\/rkeeper.it\/index.php?rest_route=\/wp\/v2\/pages\/2486","targetHints":{"allow":["GET"]}}],"collection":[{"href":"https:\/\/rkeeper.it\/index.php?rest_route=\/wp\/v2\/pages"}],"about":[{"href":"https:\/\/rkeeper.it\/index.php?rest_route=\/wp\/v2\/types\/page"}],"author":[{"embeddable":true,"href":"https:\/\/rkeeper.it\/index.php?rest_route=\/wp\/v2\/users\/1"}],"replies":[{"embeddable":true,"href":"https:\/\/rkeeper.it\/index.php?rest_route=%2Fwp%2Fv2%2Fcomments&post=2486"}],"version-history":[{"count":5,"href":"https:\/\/rkeeper.it\/index.php?rest_route=\/wp\/v2\/pages\/2486\/revisions"}],"predecessor-version":[{"id":3616,"href":"https:\/\/rkeeper.it\/index.php?rest_route=\/wp\/v2\/pages\/2486\/revisions\/3616"}],"wp:attachment":[{"href":"https:\/\/rkeeper.it\/index.php?rest_route=%2Fwp%2Fv2%2Fmedia&parent=2486"}],"curies":[{"name":"wp","href":"https:\/\/api.w.org\/{rel}","templated":true}]}}